{"id":1336,"date":"2024-11-28T18:20:30","date_gmt":"2024-11-28T17:20:30","guid":{"rendered":"https:\/\/saintjeandelnous.fr\/?page_id=1336"},"modified":"2024-11-28T18:20:31","modified_gmt":"2024-11-28T17:20:31","slug":"mentions-legales","status":"publish","type":"page","link":"https:\/\/saintjeandelnous.fr\/index.php\/mentions-legales\/","title":{"rendered":"Mentions l\u00e9gales"},"content":{"rendered":"\n<h2 class=\"wp-block-heading\">Mairie de Saint Jean Delnous<\/h2>\n\n\n\n<p>Merci de lire avec attention les diff\u00e9rentes modalit\u00e9s d\u2019utilisation du pr\u00e9sent site avant d\u2019y parcourir ses pages. En vous connectant sur ce site, vous acceptez sans r\u00e9serves les pr\u00e9sentes modalit\u00e9s. Aussi, conform\u00e9ment \u00e0 l\u2019article n\u00b06 de la Loi n\u00b02004-575 du 21 Juin 2004 pour la confiance dans l\u2019\u00e9conomie num\u00e9rique, les responsables du pr\u00e9sent site internet https:\/\/durenque.fr\/ sont : <\/p>\n\n\n\n<h2 class=\"wp-block-heading\">Editeur du Site :<\/h2>\n\n\n\n<p>La Mairie de Saint Jean Delnous<br>Num\u00e9ro de SIRET : 21120230400013<br>Responsable \u00e9ditorial : Mathieu BONNEFOUS<br>Adresse : 16 Place de la Mairie, 12170 Saint Jean Delnous<br>T\u00e9l\u00e9phone : <strong>05 65 74 01 83<\/strong><br>Email : <a href=\"mailto:mairie@durenque.fr\" target=\"_blank\" rel=\"noreferrer noopener\">contact@saintjeandelnous.fr<\/a><br><\/p>\n\n\n\n<p>Ce site est h\u00e9berg\u00e9 par OVH SAS 2 rue Kellermann \u2013 59100 Roubaix \u2013 France \/ SIRET : 42476141900045 \/ Raison sociale : OVH (OWO \u2013 OVH WHOIS OFFUSCATOR) \/ N\u00b0 t\u00e9l : <a href=\"telto:1007\">1007<\/a><\/p>\n\n\n\n<p><\/p>\n\n\n\n<p>Ce site est r\u00e9alis\u00e9 par Margaux Faramond EI &#8211; 64 Rue de la Gr\u00e8ze 12170 Saint Jean Delnous &#8211; France \/ SIRET : 92495148600019 \/ Raison sociale : Margaux.Com \/ N\u00b0 t\u00e9l : <a href=\"telto:0607682357\">06 07 68 23 57<\/a><\/p>\n\n\n\n<h3 class=\"wp-block-heading\">Conditions d\u2019utilisation du site Internet www.saintjeandelnous.fr<\/h3>\n\n\n\n<p>Le site et chacun des \u00e9l\u00e9ments, y compris mais sans limitation les logos, ic\u00f4nes, infographies, photographies, qui le composent sont prot\u00e9g\u00e9s au titre de la l\u00e9gislation internationale de la propri\u00e9t\u00e9 intellectuelle. Les contenus figurant sur le site sont la propri\u00e9t\u00e9 de la Mairie de Saint Jean Delnous ou d\u2019autres entreprises. Toute utilisation, reproduction ou repr\u00e9sentation, par quelque proc\u00e9d\u00e9 que ce soit, et sur quelque support que ce soit, de tout ou partie du site et\/ou des \u00e9l\u00e9ments qui le composent n\u2019est pas autoris\u00e9e sans le consentement expresse de La Mairie de Saint Jean Delnous.<\/p>\n\n\n\n<p>Cliquez sur ce lien pour consulter la <a href=\"https:\/\/saintjeandelnous.fr\/index.php\/politique-de-cookies-ue\/\">politique de cookies<\/a>.<\/p>\n\n\n\n<h3 class=\"wp-block-heading\">Donn\u00e9es personnelles<\/h3>\n\n\n\n<p>Vous pouvez visiter notre site sur Internet sans avoir \u00e0 d\u00e9cliner votre identit\u00e9 et \u00e0 fournir des informations personnelles vous concernant.<\/p>\n\n\n\n<p>Mention l\u00e9gales du site <a href=\"http:\/\/www.agence-margaux.com\">agen<\/a><a href=\"http:\/\/www.saintjeandelnous.fr\">ce-margaux.com<\/a><\/p>\n\n\n\n<p>Pour retourner \u00e0 la page d\u2019accueil cliquer sur \u00ab\u00a0<a href=\"https:\/\/saintjeandelnous.fr\/\">Accueil<\/a>\u00a0\u00bb en haut de page.<\/p>\n\n\n\n<p><\/p>\n","protected":false},"excerpt":{"rendered":"<p>Mairie de Saint Jean Delnous Merci de lire avec attention les diff\u00e9rentes modalit\u00e9s d\u2019utilisation du pr\u00e9sent site avant d\u2019y parcourir [&hellip;]<\/p>\n","protected":false},"author":1,"featured_media":0,"parent":0,"menu_order":0,"comment_status":"closed","ping_status":"closed","template":"","meta":{"site-sidebar-layout":"default","site-content-layout":"","ast-site-content-layout":"","site-content-style":"default","site-sidebar-style":"default","ast-global-header-display":"","ast-banner-title-visibility":"","ast-main-header-display":"","ast-hfb-above-header-display":"","ast-hfb-below-header-display":"","ast-hfb-mobile-header-display":"","site-post-title":"","ast-breadcrumbs-content":"","ast-featured-img":"","footer-sml-layout":"","theme-transparent-header-meta":"","adv-header-id-meta":"","stick-header-meta":"","header-above-stick-meta":"","header-main-stick-meta":"","header-below-stick-meta":"","astra-migrate-meta-layouts":"default","ast-page-background-enabled":"default","ast-page-background-meta":{"desktop":{"background-color":"var(--ast-global-color-4)","background-image":"","background-repeat":"repeat","background-position":"center center","background-size":"auto","background-attachment":"scroll","background-type":"","background-media":"","overlay-type":"","overlay-color":"","overlay-opacity":"","overlay-gradient":""},"tablet":{"background-color":"","background-image":"","background-repeat":"repeat","background-position":"center center","background-size":"auto","background-attachment":"scroll","background-type":"","background-media":"","overlay-type":"","overlay-color":"","overlay-opacity":"","overlay-gradient":""},"mobile":{"background-color":"","background-image":"","background-repeat":"repeat","background-position":"center center","background-size":"auto","background-attachment":"scroll","background-type":"","background-media":"","overlay-type":"","overlay-color":"","overlay-opacity":"","overlay-gradient":""}},"ast-content-background-meta":{"desktop":{"background-color":"var(--ast-global-color-5)","background-image":"","background-repeat":"repeat","background-position":"center center","background-size":"auto","background-attachment":"scroll","background-type":"","background-media":"","overlay-type":"","overlay-color":"","overlay-opacity":"","overlay-gradient":""},"tablet":{"background-color":"var(--ast-global-color-5)","background-image":"","background-repeat":"repeat","background-position":"center center","background-size":"auto","background-attachment":"scroll","background-type":"","background-media":"","overlay-type":"","overlay-color":"","overlay-opacity":"","overlay-gradient":""},"mobile":{"background-color":"var(--ast-global-color-5)","background-image":"","background-repeat":"repeat","background-position":"center center","background-size":"auto","background-attachment":"scroll","background-type":"","background-media":"","overlay-type":"","overlay-color":"","overlay-opacity":"","overlay-gradient":""}},"footnotes":""},"class_list":["post-1336","page","type-page","status-publish","hentry"],"yoast_head":"<!-- This site is optimized with the Yoast SEO plugin v27.3 - https:\/\/yoast.com\/product\/yoast-seo-wordpress\/ -->\n<title>Mentions l\u00e9gales -<\/title>\n<meta name=\"robots\" content=\"index, follow, max-snippet:-1, max-image-preview:large, max-video-preview:-1\" \/>\n<link rel=\"canonical\" href=\"https:\/\/saintjeandelnous.fr\/index.php\/mentions-legales\/\" \/>\n<meta property=\"og:locale\" content=\"fr_FR\" \/>\n<meta property=\"og:type\" content=\"article\" \/>\n<meta property=\"og:title\" content=\"Mentions l\u00e9gales -\" \/>\n<meta property=\"og:description\" content=\"Mairie de Saint Jean Delnous Merci de lire avec attention les diff\u00e9rentes modalit\u00e9s d\u2019utilisation du pr\u00e9sent site avant d\u2019y parcourir [&hellip;]\" \/>\n<meta property=\"og:url\" content=\"https:\/\/saintjeandelnous.fr\/index.php\/mentions-legales\/\" \/>\n<meta property=\"article:modified_time\" content=\"2024-11-28T17:20:31+00:00\" \/>\n<meta name=\"twitter:card\" content=\"summary_large_image\" \/>\n<meta name=\"twitter:label1\" content=\"Dur\u00e9e de lecture estim\u00e9e\" \/>\n\t<meta name=\"twitter:data1\" content=\"2 minutes\" \/>\n<script type=\"application\/ld+json\" class=\"yoast-schema-graph\">{\"@context\":\"https:\\\/\\\/schema.org\",\"@graph\":[{\"@type\":\"WebPage\",\"@id\":\"https:\\\/\\\/saintjeandelnous.fr\\\/index.php\\\/mentions-legales\\\/\",\"url\":\"https:\\\/\\\/saintjeandelnous.fr\\\/index.php\\\/mentions-legales\\\/\",\"name\":\"Mentions l\u00e9gales -\",\"isPartOf\":{\"@id\":\"https:\\\/\\\/saintjeandelnous.fr\\\/#website\"},\"datePublished\":\"2024-11-28T17:20:30+00:00\",\"dateModified\":\"2024-11-28T17:20:31+00:00\",\"breadcrumb\":{\"@id\":\"https:\\\/\\\/saintjeandelnous.fr\\\/index.php\\\/mentions-legales\\\/#breadcrumb\"},\"inLanguage\":\"fr-FR\",\"potentialAction\":[{\"@type\":\"ReadAction\",\"target\":[\"https:\\\/\\\/saintjeandelnous.fr\\\/index.php\\\/mentions-legales\\\/\"]}]},{\"@type\":\"BreadcrumbList\",\"@id\":\"https:\\\/\\\/saintjeandelnous.fr\\\/index.php\\\/mentions-legales\\\/#breadcrumb\",\"itemListElement\":[{\"@type\":\"ListItem\",\"position\":1,\"name\":\"Accueil\",\"item\":\"https:\\\/\\\/saintjeandelnous.fr\\\/\"},{\"@type\":\"ListItem\",\"position\":2,\"name\":\"Mentions l\u00e9gales\"}]},{\"@type\":\"WebSite\",\"@id\":\"https:\\\/\\\/saintjeandelnous.fr\\\/#website\",\"url\":\"https:\\\/\\\/saintjeandelnous.fr\\\/\",\"name\":\"\",\"description\":\"\",\"potentialAction\":[{\"@type\":\"SearchAction\",\"target\":{\"@type\":\"EntryPoint\",\"urlTemplate\":\"https:\\\/\\\/saintjeandelnous.fr\\\/?s={search_term_string}\"},\"query-input\":{\"@type\":\"PropertyValueSpecification\",\"valueRequired\":true,\"valueName\":\"search_term_string\"}}],\"inLanguage\":\"fr-FR\"}]}<\/script>\n<!-- \/ Yoast SEO plugin. -->","yoast_head_json":{"title":"Mentions l\u00e9gales -","robots":{"index":"index","follow":"follow","max-snippet":"max-snippet:-1","max-image-preview":"max-image-preview:large","max-video-preview":"max-video-preview:-1"},"canonical":"https:\/\/saintjeandelnous.fr\/index.php\/mentions-legales\/","og_locale":"fr_FR","og_type":"article","og_title":"Mentions l\u00e9gales -","og_description":"Mairie de Saint Jean Delnous Merci de lire avec attention les diff\u00e9rentes modalit\u00e9s d\u2019utilisation du pr\u00e9sent site avant d\u2019y parcourir [&hellip;]","og_url":"https:\/\/saintjeandelnous.fr\/index.php\/mentions-legales\/","article_modified_time":"2024-11-28T17:20:31+00:00","twitter_card":"summary_large_image","twitter_misc":{"Dur\u00e9e de lecture estim\u00e9e":"2 minutes"},"schema":{"@context":"https:\/\/schema.org","@graph":[{"@type":"WebPage","@id":"https:\/\/saintjeandelnous.fr\/index.php\/mentions-legales\/","url":"https:\/\/saintjeandelnous.fr\/index.php\/mentions-legales\/","name":"Mentions l\u00e9gales -","isPartOf":{"@id":"https:\/\/saintjeandelnous.fr\/#website"},"datePublished":"2024-11-28T17:20:30+00:00","dateModified":"2024-11-28T17:20:31+00:00","breadcrumb":{"@id":"https:\/\/saintjeandelnous.fr\/index.php\/mentions-legales\/#breadcrumb"},"inLanguage":"fr-FR","potentialAction":[{"@type":"ReadAction","target":["https:\/\/saintjeandelnous.fr\/index.php\/mentions-legales\/"]}]},{"@type":"BreadcrumbList","@id":"https:\/\/saintjeandelnous.fr\/index.php\/mentions-legales\/#breadcrumb","itemListElement":[{"@type":"ListItem","position":1,"name":"Accueil","item":"https:\/\/saintjeandelnous.fr\/"},{"@type":"ListItem","position":2,"name":"Mentions l\u00e9gales"}]},{"@type":"WebSite","@id":"https:\/\/saintjeandelnous.fr\/#website","url":"https:\/\/saintjeandelnous.fr\/","name":"","description":"","potentialAction":[{"@type":"SearchAction","target":{"@type":"EntryPoint","urlTemplate":"https:\/\/saintjeandelnous.fr\/?s={search_term_string}"},"query-input":{"@type":"PropertyValueSpecification","valueRequired":true,"valueName":"search_term_string"}}],"inLanguage":"fr-FR"}]}},"_links":{"self":[{"href":"https:\/\/saintjeandelnous.fr\/index.php\/wp-json\/wp\/v2\/pages\/1336","targetHints":{"allow":["GET"]}}],"collection":[{"href":"https:\/\/saintjeandelnous.fr\/index.php\/wp-json\/wp\/v2\/pages"}],"about":[{"href":"https:\/\/saintjeandelnous.fr\/index.php\/wp-json\/wp\/v2\/types\/page"}],"author":[{"embeddable":true,"href":"https:\/\/saintjeandelnous.fr\/index.php\/wp-json\/wp\/v2\/users\/1"}],"replies":[{"embeddable":true,"href":"https:\/\/saintjeandelnous.fr\/index.php\/wp-json\/wp\/v2\/comments?post=1336"}],"version-history":[{"count":1,"href":"https:\/\/saintjeandelnous.fr\/index.php\/wp-json\/wp\/v2\/pages\/1336\/revisions"}],"predecessor-version":[{"id":1337,"href":"https:\/\/saintjeandelnous.fr\/index.php\/wp-json\/wp\/v2\/pages\/1336\/revisions\/1337"}],"wp:attachment":[{"href":"https:\/\/saintjeandelnous.fr\/index.php\/wp-json\/wp\/v2\/media?parent=1336"}],"curies":[{"name":"wp","href":"https:\/\/api.w.org\/{rel}","templated":true}]}}